{"id":547,"date":"2020-09-03T12:58:02","date_gmt":"2020-09-03T09:58:02","guid":{"rendered":"https:\/\/kepts.fi\/?page_id=547"},"modified":"2025-11-10T10:52:28","modified_gmt":"2025-11-10T08:52:28","slug":"4-divari","status":"publish","type":"page","link":"https:\/\/kepts.fi\/?page_id=547","title":{"rendered":"4 Divari"},"content":{"rendered":"\n<p class=\"has-large-font-size\"><a href=\"https:\/\/www.sptl.fi\/sptl_uudet\/?page_id=22&amp;kausi=2526&amp;lohko=4P\" target=\"_blank\" rel=\"noreferrer noopener\">Sarjaohjelma ja tulokset 2025-2026<\/a><\/p>\n\n\n\n<p class=\"has-medium-font-size\" style=\"font-style:normal;font-weight:1000\"><strong>Sarjan ensimm\u00e4inen kierros pelataan Oulussa 6-7.12.2025<\/strong><\/p>\n\n\n\n<hr class=\"wp-block-separator has-alpha-channel-opacity is-style-wide\"\/>\n\n\n\n<p class=\"has-large-font-size\"><a href=\"https:\/\/www.sptl.fi\/sptl_uudet\/?page_id=22&amp;lohko=4P&amp;kausi=2425\" target=\"_blank\" rel=\"noreferrer noopener\">Sarjaohjelma ja tulokset 2024-2025<\/a><\/p>\n\n\n\n<p class=\"has-medium-font-size\"><strong>KePts osallistuu kahdella joukkueella 4 DIV 4P lohkoon<\/strong><\/p>\n\n\n\n<p><\/p>\n\n\n\n<p style=\"font-size:30px\"><a href=\"https:\/\/www.google.com\/maps\/place\/Oulun+P%C3%B6yt%C3%A4tennis+-86+ry.+-+Ratamotien+p%C3%B6yt%C3%A4tennishalli\/@65.0690673,25.4309668,18.08z\/data=!4m5!3m4!1s0x46802da917629fb5:0x2073a2ca36a60fea!8m2!3d65.0691498!4d25.429697\" target=\"_blank\" rel=\"noreferrer noopener\">Syys ja kev\u00e4t turnaus pelataan Ratamotien P\u00f6yt\u00e4tennishallissa<\/a><\/p>\n\n\n\n<figure class=\"wp-block-image size-large\"><a href=\"https:\/\/www.google.com\/maps\/place\/Oulun+P%C3%B6yt%C3%A4tennis+-86+ry.+-+Ratamotien+p%C3%B6yt%C3%A4tennishalli\/@65.0690673,25.4309668,18.08z\/data=!4m5!3m4!1s0x46802da917629fb5:0x2073a2ca36a60fea!8m2!3d65.0691498!4d25.429697\" target=\"_blank\" rel=\"noopener\"><img loading=\"lazy\" decoding=\"async\" width=\"1024\" height=\"576\" src=\"https:\/\/kepts.fi\/wp-content\/uploads\/2022\/03\/IMG_9981-1024x576.jpg\" alt=\"\" class=\"wp-image-1376\" srcset=\"https:\/\/kepts.fi\/wp-content\/uploads\/2022\/03\/IMG_9981-1024x576.jpg 1024w, https:\/\/kepts.fi\/wp-content\/uploads\/2022\/03\/IMG_9981-300x169.jpg 300w, https:\/\/kepts.fi\/wp-content\/uploads\/2022\/03\/IMG_9981-768x432.jpg 768w, https:\/\/kepts.fi\/wp-content\/uploads\/2022\/03\/IMG_9981-1536x864.jpg 1536w, https:\/\/kepts.fi\/wp-content\/uploads\/2022\/03\/IMG_9981-2048x1152.jpg 2048w\" sizes=\"auto, (max-width: 1024px) 100vw, 1024px\" \/><\/a><figcaption class=\"wp-element-caption\"><strong>OPT-86 P\u00f6yt\u00e4tennispyh\u00e4tt\u00f6<\/strong><\/figcaption><\/figure>\n\n\n\n<p><\/p>\n","protected":false},"excerpt":{"rendered":"<p>Sarjaohjelma ja tulokset 2025-2026 Sarjan ensimm\u00e4inen kierros pelataan Oulussa 6-7.12.2025 Sarjaohjelma ja tulokset 2024-2025 KePts osallistuu kahdella joukkueella 4 DIV 4P lohkoon Syys ja kev\u00e4t turnaus pelataan Ratamotien P\u00f6yt\u00e4tennishallissa<\/p>\n","protected":false},"author":1,"featured_media":0,"parent":0,"menu_order":0,"comment_status":"closed","ping_status":"closed","template":"","meta":{"_uag_custom_page_level_css":"","site-sidebar-layout":"default","site-content-layout":"default","ast-site-content-layout":"default","site-content-style":"default","site-sidebar-style":"default","ast-global-header-display":"","ast-banner-title-visibility":"","ast-main-header-display":"","ast-hfb-above-header-display":"","ast-hfb-below-header-display":"","ast-hfb-mobile-header-display":"","site-post-title":"","ast-breadcrumbs-content":"","ast-featured-img":"","footer-sml-layout":"","theme-transparent-header-meta":"default","adv-header-id-meta":"","stick-header-meta":"default","header-above-stick-meta":"","header-main-stick-meta":"","header-below-stick-meta":"","astra-migrate-meta-layouts":"set","ast-page-background-enabled":"default","ast-page-background-meta":{"desktop":{"background-color":"","background-image":"","background-repeat":"repeat","background-position":"center center","background-size":"auto","background-attachment":"scroll","background-type":"","background-media":"","overlay-type":"","overlay-color":"","overlay-opacity":"","overlay-gradient":""},"tablet":{"background-color":"","background-image":"","background-repeat":"repeat","background-position":"center center","background-size":"auto","background-attachment":"scroll","background-type":"","background-media":"","overlay-type":"","overlay-color":"","overlay-opacity":"","overlay-gradient":""},"mobile":{"background-color":"","background-image":"","background-repeat":"repeat","background-position":"center center","background-size":"auto","background-attachment":"scroll","background-type":"","background-media":"","overlay-type":"","overlay-color":"","overlay-opacity":"","overlay-gradient":""}},"ast-content-background-meta":{"desktop":{"background-color":"var(--ast-global-color-5)","background-image":"","background-repeat":"repeat","background-position":"center center","background-size":"auto","background-attachment":"scroll","background-type":"","background-media":"","overlay-type":"","overlay-color":"","overlay-opacity":"","overlay-gradient":""},"tablet":{"background-color":"var(--ast-global-color-5)","background-image":"","background-repeat":"repeat","background-position":"center center","background-size":"auto","background-attachment":"scroll","background-type":"","background-media":"","overlay-type":"","overlay-color":"","overlay-opacity":"","overlay-gradient":""},"mobile":{"background-color":"var(--ast-global-color-5)","background-image":"","background-repeat":"repeat","background-position":"center center","background-size":"auto","background-attachment":"scroll","background-type":"","background-media":"","overlay-type":"","overlay-color":"","overlay-opacity":"","overlay-gradient":""}},"footnotes":""},"class_list":["post-547","page","type-page","status-publish","hentry"],"uagb_featured_image_src":{"full":false,"thumbnail":false,"medium":false,"medium_large":false,"large":false,"1536x1536":false,"2048x2048":false},"uagb_author_info":{"display_name":"Jari","author_link":"https:\/\/kepts.fi\/?author=1"},"uagb_comment_info":0,"uagb_excerpt":"Sarjaohjelma ja tulokset 2025-2026 Sarjan ensimm\u00e4inen kierros pelataan Oulussa 6-7.12.2025 Sarjaohjelma ja tulokset 2024-2025 KePts osallistuu kahdella joukkueella 4 DIV 4P lohkoon Syys ja kev\u00e4t turnaus pelataan Ratamotien P\u00f6yt\u00e4tennishallissa","_links":{"self":[{"href":"https:\/\/kepts.fi\/index.php?rest_route=\/wp\/v2\/pages\/547","targetHints":{"allow":["GET"]}}],"collection":[{"href":"https:\/\/kepts.fi\/index.php?rest_route=\/wp\/v2\/pages"}],"about":[{"href":"https:\/\/kepts.fi\/index.php?rest_route=\/wp\/v2\/types\/page"}],"author":[{"embeddable":true,"href":"https:\/\/kepts.fi\/index.php?rest_route=\/wp\/v2\/users\/1"}],"replies":[{"embeddable":true,"href":"https:\/\/kepts.fi\/index.php?rest_route=%2Fwp%2Fv2%2Fcomments&post=547"}],"version-history":[{"count":15,"href":"https:\/\/kepts.fi\/index.php?rest_route=\/wp\/v2\/pages\/547\/revisions"}],"predecessor-version":[{"id":2018,"href":"https:\/\/kepts.fi\/index.php?rest_route=\/wp\/v2\/pages\/547\/revisions\/2018"}],"wp:attachment":[{"href":"https:\/\/kepts.fi\/index.php?rest_route=%2Fwp%2Fv2%2Fmedia&parent=547"}],"curies":[{"name":"wp","href":"https:\/\/api.w.org\/{rel}","templated":true}]}}