{"id":543,"date":"2020-09-03T12:57:10","date_gmt":"2020-09-03T09:57:10","guid":{"rendered":"https:\/\/kepts.fi\/?page_id=543"},"modified":"2026-03-23T15:47:37","modified_gmt":"2026-03-23T13:47:37","slug":"3-divari","status":"publish","type":"page","link":"https:\/\/kepts.fi\/?page_id=543","title":{"rendered":"3 Divari"},"content":{"rendered":"\n<p class=\"has-large-font-size\" style=\"font-style:normal;font-weight:700\">KAUSI 2025-2026<\/p>\n\n\n\n<p class=\"has-link-color has-large-font-size wp-elements-b9b59566d6406b812673c12dce89703e\" style=\"font-style:normal;font-weight:700\"><a href=\"https:\/\/www.sptl.fi\/sptl_uudet\/?page_id=22&amp;lohko=3GH-YL&amp;kausi=2526\" target=\"_blank\" rel=\"noreferrer noopener\">Srjaohjelma Lohko 3GH-YL<\/a><\/p>\n\n\n\n<p class=\"has-link-color has-large-font-size wp-elements-0df0c725c3947a2d4b31a2eea5817de2\" style=\"font-style:normal;font-weight:700\"><a href=\"https:\/\/www.sptl.fi\/sptl_uudet\/?page_id=22&amp;lohko=3H&amp;kausi=2526\" target=\"_blank\" rel=\"noreferrer noopener\">Sarjaohjelma<\/a><\/p>\n\n\n\n<p class=\"has-medium-font-size\" style=\"font-style:normal;font-weight:700\"><strong>Sarjan ensimm\u00e4inen kierros pelataan Oulussa 29-30.11.2025 <\/strong><\/p>\n\n\n\n<div class=\"wp-block-uagb-separator uagb-block-dd0975ee\"><div class=\"wp-block-uagb-separator__inner\" style=\"--my-background-image:\"><\/div><\/div>\n\n\n\n<p class=\"has-medium-font-size\" style=\"font-style:normal;font-weight:700\">KePts 3-divari joukkue matkusti Rovaniemelle pelaamaan sarjapelien kev\u00e4tkierroksen 5-6.4. Nyt pelattiin 3GH-ylempi lohko josta kaksi nousee 2-divisioonaan, l\u00e4helle p\u00e4\u00e4stiin (just viivan alle). Pelit jatkuu siis 3-divarissa ensi kaudella. Linkki <a href=\"https:\/\/www.sptl.fi\/sptl_uudet\/?page_id=22&amp;lohko=3GH-YL&amp;kausi=2425\" target=\"_blank\" rel=\"noreferrer noopener\">3GH-ylemp\u00e4\u00e4n sarjataulukkoon<\/a><\/p>\n\n\n\n<p class=\"has-large-font-size\" style=\"font-style:normal;font-weight:700\"><a href=\"https:\/\/www.sptl.fi\/sptl_uudet\/?page_id=22&amp;lohko=3H&amp;kausi=2425\" target=\"_blank\" rel=\"noreferrer noopener\">Sarjaohjelma kausi 2024\u20132025 (linkki)<\/a><\/p>\n\n\n\n<figure class=\"wp-block-image size-large\"><img loading=\"lazy\" decoding=\"async\" width=\"1024\" height=\"768\" src=\"https:\/\/kepts.fi\/wp-content\/uploads\/2024\/11\/3-H-joukkue-1024x768.jpg\" alt=\"\" class=\"wp-image-1862\" srcset=\"https:\/\/kepts.fi\/wp-content\/uploads\/2024\/11\/3-H-joukkue-1024x768.jpg 1024w, https:\/\/kepts.fi\/wp-content\/uploads\/2024\/11\/3-H-joukkue-300x225.jpg 300w, https:\/\/kepts.fi\/wp-content\/uploads\/2024\/11\/3-H-joukkue-768x576.jpg 768w, https:\/\/kepts.fi\/wp-content\/uploads\/2024\/11\/3-H-joukkue.jpg 1080w\" sizes=\"auto, (max-width: 1024px) 100vw, 1024px\" \/><\/figure>\n\n\n\n<p class=\"has-large-font-size\" style=\"font-style:normal;font-weight:700\">Kuvassa 3 Divari joukkue<\/p>\n\n\n\n<p class=\"has-large-font-size\"><a href=\"https:\/\/www.sptl.fi\/sptl_uudet\/?page_id=22&amp;lohko=3H&amp;kausi=2122\">Sarjaohjelma syksy 3H<\/a><\/p>\n\n\n\n<p class=\"has-medium-font-size\"><strong>Pietarsaaren hienossa hallissa<\/strong><\/p>\n\n\n\n<figure class=\"wp-block-image size-large\"><img loading=\"lazy\" decoding=\"async\" width=\"1024\" height=\"768\" src=\"https:\/\/kepts.fi\/wp-content\/uploads\/2022\/03\/Pietarsaari-1024x768.jpg\" alt=\"\" class=\"wp-image-1367\" srcset=\"https:\/\/kepts.fi\/wp-content\/uploads\/2022\/03\/Pietarsaari-1024x768.jpg 1024w, https:\/\/kepts.fi\/wp-content\/uploads\/2022\/03\/Pietarsaari-300x225.jpg 300w, https:\/\/kepts.fi\/wp-content\/uploads\/2022\/03\/Pietarsaari-768x576.jpg 768w, https:\/\/kepts.fi\/wp-content\/uploads\/2022\/03\/Pietarsaari-1536x1152.jpg 1536w, https:\/\/kepts.fi\/wp-content\/uploads\/2022\/03\/Pietarsaari.jpg 2048w\" sizes=\"auto, (max-width: 1024px) 100vw, 1024px\" \/><figcaption class=\"wp-element-caption\"><strong>Rettig Sport Centeri<\/strong><\/figcaption><\/figure>\n\n\n\n<p class=\"has-large-font-size\"><a rel=\"noreferrer noopener\" href=\"https:\/\/www.sptl.fi\/sptl_uudet\/?page_id=22&amp;lohko=3GH-AL&amp;kausi=2122\" target=\"_blank\">Sarjaohjelma kev\u00e4t 3GH-AL<\/a> <\/p>\n\n\n\n<p class=\"has-medium-font-size\"><strong><a href=\"https:\/\/www.google.fi\/maps\/place\/Kiviojantie+16,+84100+Ylivieska\/@64.0762364,24.5492547,14.4z\/data=!4m5!3m4!1s0x4681214f3f99b645:0xdeb1daa7b3102abd!8m2!3d64.0798105!4d24.5544958?hl=fi\" target=\"_blank\" rel=\"noreferrer noopener\">Kiviojan koulu, Ylivieska<\/a><\/strong><\/p>\n\n\n\n<figure class=\"wp-block-image size-large\"><a href=\"https:\/\/www.google.fi\/maps\/place\/Kiviojantie+16,+84100+Ylivieska\/@64.0762364,24.5492547,14.4z\/data=!4m5!3m4!1s0x4681214f3f99b645:0xdeb1daa7b3102abd!8m2!3d64.0798105!4d24.5544958?hl=fi\" target=\"_blank\" rel=\"noopener\"><img loading=\"lazy\" decoding=\"async\" width=\"1024\" height=\"683\" src=\"https:\/\/kepts.fi\/wp-content\/uploads\/2022\/03\/kiviojasali4-2048x1365-1-1024x683.jpg\" alt=\"\" class=\"wp-image-1371\" srcset=\"https:\/\/kepts.fi\/wp-content\/uploads\/2022\/03\/kiviojasali4-2048x1365-1-1024x683.jpg 1024w, https:\/\/kepts.fi\/wp-content\/uploads\/2022\/03\/kiviojasali4-2048x1365-1-300x200.jpg 300w, https:\/\/kepts.fi\/wp-content\/uploads\/2022\/03\/kiviojasali4-2048x1365-1-768x512.jpg 768w, https:\/\/kepts.fi\/wp-content\/uploads\/2022\/03\/kiviojasali4-2048x1365-1-1536x1024.jpg 1536w, https:\/\/kepts.fi\/wp-content\/uploads\/2022\/03\/kiviojasali4-2048x1365-1.jpg 2048w\" sizes=\"auto, (max-width: 1024px) 100vw, 1024px\" \/><\/a><\/figure>\n","protected":false},"excerpt":{"rendered":"<p>KAUSI 2025-2026 Srjaohjelma Lohko 3GH-YL Sarjaohjelma Sarjan ensimm\u00e4inen kierros pelataan Oulussa 29-30.11.2025 KePts 3-divari joukkue matkusti Rovaniemelle pelaamaan sarjapelien kev\u00e4tkierroksen 5-6.4. Nyt pelattiin 3GH-ylempi lohko josta kaksi nousee 2-divisioonaan, l\u00e4helle p\u00e4\u00e4stiin (just viivan alle). Pelit jatkuu siis 3-divarissa ensi kaudella. Linkki 3GH-ylemp\u00e4\u00e4n sarjataulukkoon Sarjaohjelma kausi 2024\u20132025 (linkki) Kuvassa 3 Divari joukkue Sarjaohjelma syksy 3H Pietarsaaren [&hellip;]<\/p>\n","protected":false},"author":1,"featured_media":0,"parent":0,"menu_order":0,"comment_status":"closed","ping_status":"closed","template":"","meta":{"_uag_custom_page_level_css":"","site-sidebar-layout":"default","site-content-layout":"default","ast-site-content-layout":"default","site-content-style":"default","site-sidebar-style":"default","ast-global-header-display":"","ast-banner-title-visibility":"","ast-main-header-display":"","ast-hfb-above-header-display":"","ast-hfb-below-header-display":"","ast-hfb-mobile-header-display":"","site-post-title":"","ast-breadcrumbs-content":"","ast-featured-img":"","footer-sml-layout":"","theme-transparent-header-meta":"default","adv-header-id-meta":"","stick-header-meta":"default","header-above-stick-meta":"","header-main-stick-meta":"","header-below-stick-meta":"","astra-migrate-meta-layouts":"set","ast-page-background-enabled":"default","ast-page-background-meta":{"desktop":{"background-color":"","background-image":"","background-repeat":"repeat","background-position":"center center","background-size":"auto","background-attachment":"scroll","background-type":"","background-media":"","overlay-type":"","overlay-color":"","overlay-opacity":"","overlay-gradient":""},"tablet":{"background-color":"","background-image":"","background-repeat":"repeat","background-position":"center center","background-size":"auto","background-attachment":"scroll","background-type":"","background-media":"","overlay-type":"","overlay-color":"","overlay-opacity":"","overlay-gradient":""},"mobile":{"background-color":"","background-image":"","background-repeat":"repeat","background-position":"center center","background-size":"auto","background-attachment":"scroll","background-type":"","background-media":"","overlay-type":"","overlay-color":"","overlay-opacity":"","overlay-gradient":""}},"ast-content-background-meta":{"desktop":{"background-color":"var(--ast-global-color-5)","background-image":"","background-repeat":"repeat","background-position":"center center","background-size":"auto","background-attachment":"scroll","background-type":"","background-media":"","overlay-type":"","overlay-color":"","overlay-opacity":"","overlay-gradient":""},"tablet":{"background-color":"var(--ast-global-color-5)","background-image":"","background-repeat":"repeat","background-position":"center center","background-size":"auto","background-attachment":"scroll","background-type":"","background-media":"","overlay-type":"","overlay-color":"","overlay-opacity":"","overlay-gradient":""},"mobile":{"background-color":"var(--ast-global-color-5)","background-image":"","background-repeat":"repeat","background-position":"center center","background-size":"auto","background-attachment":"scroll","background-type":"","background-media":"","overlay-type":"","overlay-color":"","overlay-opacity":"","overlay-gradient":""}},"footnotes":""},"class_list":["post-543","page","type-page","status-publish","hentry"],"uagb_featured_image_src":{"full":false,"thumbnail":false,"medium":false,"medium_large":false,"large":false,"1536x1536":false,"2048x2048":false},"uagb_author_info":{"display_name":"Jari","author_link":"https:\/\/kepts.fi\/?author=1"},"uagb_comment_info":0,"uagb_excerpt":"KAUSI 2025-2026 Srjaohjelma Lohko 3GH-YL Sarjaohjelma Sarjan ensimm\u00e4inen kierros pelataan Oulussa 29-30.11.2025 KePts 3-divari joukkue matkusti Rovaniemelle pelaamaan sarjapelien kev\u00e4tkierroksen 5-6.4. Nyt pelattiin 3GH-ylempi lohko josta kaksi nousee 2-divisioonaan, l\u00e4helle p\u00e4\u00e4stiin (just viivan alle). Pelit jatkuu siis 3-divarissa ensi kaudella. Linkki 3GH-ylemp\u00e4\u00e4n sarjataulukkoon Sarjaohjelma kausi 2024\u20132025 (linkki) Kuvassa 3 Divari joukkue Sarjaohjelma syksy 3H Pietarsaaren&hellip;","_links":{"self":[{"href":"https:\/\/kepts.fi\/index.php?rest_route=\/wp\/v2\/pages\/543","targetHints":{"allow":["GET"]}}],"collection":[{"href":"https:\/\/kepts.fi\/index.php?rest_route=\/wp\/v2\/pages"}],"about":[{"href":"https:\/\/kepts.fi\/index.php?rest_route=\/wp\/v2\/types\/page"}],"author":[{"embeddable":true,"href":"https:\/\/kepts.fi\/index.php?rest_route=\/wp\/v2\/users\/1"}],"replies":[{"embeddable":true,"href":"https:\/\/kepts.fi\/index.php?rest_route=%2Fwp%2Fv2%2Fcomments&post=543"}],"version-history":[{"count":16,"href":"https:\/\/kepts.fi\/index.php?rest_route=\/wp\/v2\/pages\/543\/revisions"}],"predecessor-version":[{"id":2056,"href":"https:\/\/kepts.fi\/index.php?rest_route=\/wp\/v2\/pages\/543\/revisions\/2056"}],"wp:attachment":[{"href":"https:\/\/kepts.fi\/index.php?rest_route=%2Fwp%2Fv2%2Fmedia&parent=543"}],"curies":[{"name":"wp","href":"https:\/\/api.w.org\/{rel}","templated":true}]}}