{"id":142,"date":"2020-03-22T10:16:17","date_gmt":"2020-03-22T08:16:17","guid":{"rendered":"http:\/\/kepts.fi\/?page_id=142"},"modified":"2021-05-07T20:53:38","modified_gmt":"2021-05-07T17:53:38","slug":"junnujen-kuukausikisa","status":"publish","type":"page","link":"https:\/\/kepts.fi\/?page_id=142","title":{"rendered":"Junnujen Kuukausikisat"},"content":{"rendered":"\n<p class=\"has-medium-font-size\"><a rel=\"noreferrer noopener\" href=\"https:\/\/kepts.fi\/wp-content\/uploads\/2021\/02\/Junnujen-Kuukausikisat-2020-2021.pdf\" target=\"_blank\"><strong>Junnujen kuukausikisat 2020 &#8211; 2021<\/strong><\/a><\/p>\n\n\n\n<p class=\"has-medium-font-size\"><strong>Kauden 2020-2021 junnujen kuukausikisat on pelattu. T\u00e4ss\u00e4 lopputulokset:<\/strong><\/p>\n\n\n\n<figure class=\"wp-block-image size-large is-resized\"><img loading=\"lazy\" decoding=\"async\" src=\"https:\/\/kepts.fi\/wp-content\/uploads\/2021\/05\/DCB0A0A3-D0CF-4F1B-8FEE-CFF0ACEECB1C-1024x768.jpeg\" alt=\"\" class=\"wp-image-674\" width=\"708\" height=\"531\" srcset=\"https:\/\/kepts.fi\/wp-content\/uploads\/2021\/05\/DCB0A0A3-D0CF-4F1B-8FEE-CFF0ACEECB1C-1024x768.jpeg 1024w, https:\/\/kepts.fi\/wp-content\/uploads\/2021\/05\/DCB0A0A3-D0CF-4F1B-8FEE-CFF0ACEECB1C-300x225.jpeg 300w, https:\/\/kepts.fi\/wp-content\/uploads\/2021\/05\/DCB0A0A3-D0CF-4F1B-8FEE-CFF0ACEECB1C-768x576.jpeg 768w, https:\/\/kepts.fi\/wp-content\/uploads\/2021\/05\/DCB0A0A3-D0CF-4F1B-8FEE-CFF0ACEECB1C-1536x1152.jpeg 1536w, https:\/\/kepts.fi\/wp-content\/uploads\/2021\/05\/DCB0A0A3-D0CF-4F1B-8FEE-CFF0ACEECB1C-2048x1536.jpeg 2048w\" sizes=\"auto, (max-width: 708px) 100vw, 708px\" \/><\/figure>\n\n\n\n<ol class=\"wp-block-list\"><li>Tomi Pitsinki 36<\/li><li>Aleksi Turpeinen 32<\/li><li>Jere Jakku 29<\/li><li>Veikka Kortelainen 15<\/li><li>Matias Kallinen 10<\/li><li>Valtteri Ranki 8<\/li><li>Miikka Peltoniemi 5<\/li><li>Arttu Manniala 4<\/li><li>Viljami Hautakoski 4<\/li><li>Ossi Luokkala 1<\/li><\/ol>\n\n\n\n<p class=\"has-medium-font-size\"><br><strong>Junnujen Huhtikuun kuukausikilpailut on pelattu<\/strong>.<\/p>\n\n\n\n<ol class=\"has-medium-font-size wp-block-list\"><li>Tomi Pitsinki 33 pistett\u00e4<\/li><li>Aleksi Turpeinen 30<\/li><li>Jere Jakku 25<\/li><li>Veikka Kortelainen 15<\/li><li>Matias Kallinen 9<\/li><li>Valtteri Ranki 8<\/li><li>Miikka Peltoniemi 5<\/li><li>Arttu Manniala 4<\/li><li>Viljami Hautakoski 4<\/li><li>Ossi Luokkala 1    <\/li><\/ol>\n\n\n\n<p class=\"has-medium-font-size\"><strong>Viimeiset kisat toukokuussa<\/strong><\/p>\n\n\n\n<p><\/p>\n\n\n\n<p class=\"has-medium-font-size\"><strong>Junnujen Maaliskuun kuukausikisat on pelattu.<\/strong><\/p>\n\n\n\n<ol class=\"has-medium-font-size wp-block-list\"><li>Tomi pitsinki          26 pistett\u00e4<\/li><li>Aleksi Turpeinen    27<\/li><li>Jere Jakku               23<\/li><li>Veikka Kortelainen  15<\/li><li>Valtteri Ranki           8<\/li><li>Matias Kallinen       8<\/li><li>Miikka Peltoniemi   5<\/li><li>Arttu Manniala       4<\/li><li>Viljami Hautakoski 4<\/li><li>Ossi Luokkala         1<\/li><\/ol>\n\n\n\n<p class=\"has-medium-font-size\"><strong>Viel\u00e4 on j\u00e4ljell\u00e4 kahdet kuukausikisat huhti- ja toukokuussa.<\/strong><\/p>\n\n\n\n<p class=\"has-medium-font-size\"><strong>Helmikuun JUNNUJEN kuukausikisat on pelattu. T\u00e4ss\u00e4 kokonaistilanne helmikuun j\u00e4lken:<\/strong><\/p>\n\n\n\n<ol type=\"1\" class=\"has-medium-font-size wp-block-list\"><li>Tomi Pitsinki 25 pistett\u00e4<\/li><li>Aleksi Turpeinen 25<\/li><li>Jere Jakku 20<\/li><li>Veikka Kortelainen 15<\/li><li>Valtteri Ranki 8<\/li><li>Matias Kallinen 7<\/li><li>Miikka Peltoniemi 5<\/li><li>Arttu Manniala 4<\/li><li>Viljami Hautakoski 4<\/li><li>Ossi Luokkala 1<\/li><\/ol>\n\n\n\n<p><\/p>\n\n\n\n<p class=\"has-medium-font-size\"><strong>Junnujen tammikuun kuukausikisat on pelattu. T\u00e4ss\u00e4 kokonaistilanne tammikuun j\u00e4lkeen<\/strong>:<\/p>\n\n\n\n<p class=\"has-medium-font-size\">1. Tomi Pitsinki 25 pistett\u00e4<\/p>\n\n\n\n<p class=\"has-medium-font-size\">2. Aleksi Turpeinen 22<\/p>\n\n\n\n<p class=\"has-medium-font-size\">3. Jere Jakku 16<\/p>\n\n\n\n<p class=\"has-medium-font-size\">4. Veikka Kortelainen 15<\/p>\n\n\n\n<p class=\"has-medium-font-size\">5. Valtteri Ranki 8<\/p>\n\n\n\n<p class=\"has-medium-font-size\">6. Matias Kallinen 5<\/p>\n\n\n\n<p class=\"has-medium-font-size\">7. Miikka Peltoniemi 4<\/p>\n\n\n\n<p class=\"has-medium-font-size\">8. Arttu Manniala 4<\/p>\n\n\n\n<p class=\"has-medium-font-size\">9. Viljami Hautakoski 4<\/p>\n\n\n\n<p class=\"has-medium-font-size\">10. Ossi Luokkala 1<\/p>\n\n\n\n<p class=\"has-medium-font-size\"><strong>Helmikuussa seuraavat junnujen kuukausikisat.Junnujen harkkarit jatkuvat ensiviikolla normaalisti.<\/strong><\/p>\n\n\n\n<p>JUNNUJEN joulukuun kuukausikisat on pelattu. T\u00e4ss\u00e4 kokonaistilanne joulukuun j\u00e4lkeen:<\/p>\n\n\n\n<ol class=\"wp-block-list\"><li>Tomi Pitsinki 25 pistett\u00e4<\/li><li>Aleksi Turpeinen 19<\/li><li>Veikka Kortelainen 15<\/li><li>Jere Jakku 12<\/li><li>Valtteri Ranki 7<\/li><li>Miikka Peltoniemi 4<\/li><li>Arttu Manniala 4<\/li><li>Viljami Hautakoski 4<\/li><li>Matias Kallinen 3<\/li><li>Ossi Luokkala 1<\/li><\/ol>\n\n\n\n<p class=\"has-medium-font-size\"><strong>Jatketaan tammikuussa<\/strong> <strong>2021<\/strong><\/p>\n\n\n\n<p class=\"has-medium-font-size\"><strong>JUNNUJEN marraskuun kuukausikisat pelattiin t\u00e4n\u00e4\u00e4n 13.11. T\u00e4ss\u00e4 kokonaistilanne marraskuun j\u00e4lkeen:<\/strong><\/p>\n\n\n\n<ol class=\"wp-block-list\"><li>Tomi Pitsinki 17 pistett\u00e4<\/li><li>Aleksi Turpeinen 12<\/li><li>Veikka Kortelainen 9<\/li><li>Jere Jakku 8<\/li><li>Valtteri Ranki 5<\/li><li>Mikka Peltoniemi 4<\/li><li>Matias Kallinen 2<\/li><li>Ossi Luokkala 1<\/li><\/ol>\n\n\n\n<p class=\"has-normal-font-size\"><strong>Joulukuussa seuraavat junnujen kuukausikisat ja junnuille jatkuvat harjoitukset normaalisti ensiviikolla, eli tiistaina ja perjantaina.<\/strong><\/p>\n\n\n\n<p class=\"has-medium-font-size\"><strong>JUNNUJEN lokakuun kuukausikisat loppuun. Tilannne lokakuun j\u00e4lkeen:<\/strong><\/p>\n\n\n\n<ol class=\"wp-block-list\"><li>Tomi Pitsinki 12 pistett\u00e4<\/li><li>Aleksi Turpeinen 9<\/li><li>Jere Jakku 8<\/li><li>Veikka Kortelainen 5<\/li><li>Miikka Peltoniemi 4<\/li><li>Valtteri Ranki 3<\/li><li>Matias Kallinen 1<\/li><li>Ossi Luokkala 1<\/li><\/ol>\n\n\n\n<p>Seuraavat junnujen kisat marraskuussa.<\/p>\n\n\n\n<p class=\"has-medium-font-size\"><strong>18.9 pelattiin junnujen kuukausikisat.Tilanne syyskuun j\u00e4lkeen.<\/strong><\/p>\n\n\n\n<ol class=\"wp-block-list\"><li>Tomi Pitsinki 5 p.<\/li><li>Jere Jakku 4 p.<\/li><li>Aleksi Turpeinen 3 p.<\/li><li>Miikka Peltoniemi 2 p.<\/li><li>Ossi Luokkala 1 p.<br>Lokakuussa seuraavat kuukausikisat.<\/li><\/ol>\n\n\n\n<p><\/p>\n\n\n\n<div class=\"wp-block-group\"><div class=\"wp-block-group__inner-container is-layout-flow wp-block-group-is-layout-flow\">\n<div class=\"wp-block-group\"><div class=\"wp-block-group__inner-container is-layout-flow wp-block-group-is-layout-flow\">\n<p class=\"has-medium-font-size\"><b>Kauden 2019 &#8211; 2020 junnujen kuukausikisojen parhaat<\/b>.<\/p>\n\n\n\n<figure class=\"wp-block-image size-large\"><img loading=\"lazy\" decoding=\"async\" width=\"1024\" height=\"768\" src=\"https:\/\/kepts.fi\/wp-content\/uploads\/2020\/08\/IMG_6436-1024x768.jpeg\" alt=\"\" class=\"wp-image-531\" srcset=\"https:\/\/kepts.fi\/wp-content\/uploads\/2020\/08\/IMG_6436-1024x768.jpeg 1024w, https:\/\/kepts.fi\/wp-content\/uploads\/2020\/08\/IMG_6436-300x225.jpeg 300w, https:\/\/kepts.fi\/wp-content\/uploads\/2020\/08\/IMG_6436-768x576.jpeg 768w, https:\/\/kepts.fi\/wp-content\/uploads\/2020\/08\/IMG_6436-1536x1152.jpeg 1536w, https:\/\/kepts.fi\/wp-content\/uploads\/2020\/08\/IMG_6436.jpeg 2048w\" sizes=\"auto, (max-width: 1024px) 100vw, 1024px\" \/><\/figure>\n\n\n\n<p class=\"has-medium-font-size\">1. Tomi Pitsinki 77 pistett\u00e4<br>2. Jere Jakku 68<br>3. Aleksi Turpeinen 63<\/p>\n\n\n\n<p class=\"has-medium-font-size\">Junnuista palkitaan kolme parasta, sitten kun se on mahdollista. Lis\u00e4ksi Tomi nousee aikuisten tasoituskuukausikisa sarjaan.<\/p>\n\n\n\n<p class=\"has-large-font-size\">Onnea kaikille!<\/p>\n\n\n\n<p><a href=\"http:\/\/kepts.fi\/wp-content\/uploads\/2020\/03\/Junnujen-kk-kisat.pdf\" target=\"_blank\" rel=\"noopener noreferrer\">Junnujen Kuukausikisat aukeaa koko kausi<\/a><\/p>\n<\/div><\/div>\n<\/div><\/div>\n\n\n\n<p><\/p>\n","protected":false},"excerpt":{"rendered":"<p>Junnujen kuukausikisat 2020 &#8211; 2021 Kauden 2020-2021 junnujen kuukausikisat on pelattu. T\u00e4ss\u00e4 lopputulokset: Tomi Pitsinki 36 Aleksi Turpeinen 32 Jere Jakku 29 Veikka Kortelainen 15 Matias Kallinen 10 Valtteri Ranki 8 Miikka Peltoniemi 5 Arttu Manniala 4 Viljami Hautakoski 4 Ossi Luokkala 1 Junnujen Huhtikuun kuukausikilpailut on pelattu. Tomi Pitsinki 33 pistett\u00e4 Aleksi Turpeinen 30 [&hellip;]<\/p>\n","protected":false},"author":1,"featured_media":0,"parent":0,"menu_order":0,"comment_status":"closed","ping_status":"closed","template":"","meta":{"_uag_custom_page_level_css":"","site-sidebar-layout":"default","site-content-layout":"default","ast-site-content-layout":"default","site-content-style":"default","site-sidebar-style":"default","ast-global-header-display":"","ast-banner-title-visibility":"","ast-main-header-display":"","ast-hfb-above-header-display":"","ast-hfb-below-header-display":"","ast-hfb-mobile-header-display":"","site-post-title":"","ast-breadcrumbs-content":"","ast-featured-img":"","footer-sml-layout":"","theme-transparent-header-meta":"default","adv-header-id-meta":"","stick-header-meta":"default","header-above-stick-meta":"","header-main-stick-meta":"","header-below-stick-meta":"","astra-migrate-meta-layouts":"default","ast-page-background-enabled":"default","ast-page-background-meta":{"desktop":{"background-color":"","background-image":"","background-repeat":"repeat","background-position":"center center","background-size":"auto","background-attachment":"scroll","background-type":"","background-media":"","overlay-type":"","overlay-color":"","overlay-opacity":"","overlay-gradient":""},"tablet":{"background-color":"","background-image":"","background-repeat":"repeat","background-position":"center center","background-size":"auto","background-attachment":"scroll","background-type":"","background-media":"","overlay-type":"","overlay-color":"","overlay-opacity":"","overlay-gradient":""},"mobile":{"background-color":"","background-image":"","background-repeat":"repeat","background-position":"center center","background-size":"auto","background-attachment":"scroll","background-type":"","background-media":"","overlay-type":"","overlay-color":"","overlay-opacity":"","overlay-gradient":""}},"ast-content-background-meta":{"desktop":{"background-color":"var(--ast-global-color-5)","background-image":"","background-repeat":"repeat","background-position":"center center","background-size":"auto","background-attachment":"scroll","background-type":"","background-media":"","overlay-type":"","overlay-color":"","overlay-opacity":"","overlay-gradient":""},"tablet":{"background-color":"var(--ast-global-color-5)","background-image":"","background-repeat":"repeat","background-position":"center center","background-size":"auto","background-attachment":"scroll","background-type":"","background-media":"","overlay-type":"","overlay-color":"","overlay-opacity":"","overlay-gradient":""},"mobile":{"background-color":"var(--ast-global-color-5)","background-image":"","background-repeat":"repeat","background-position":"center center","background-size":"auto","background-attachment":"scroll","background-type":"","background-media":"","overlay-type":"","overlay-color":"","overlay-opacity":"","overlay-gradient":""}},"footnotes":""},"class_list":["post-142","page","type-page","status-publish","hentry"],"uagb_featured_image_src":{"full":false,"thumbnail":false,"medium":false,"medium_large":false,"large":false,"1536x1536":false,"2048x2048":false},"uagb_author_info":{"display_name":"Jari","author_link":"https:\/\/kepts.fi\/?author=1"},"uagb_comment_info":0,"uagb_excerpt":"Junnujen kuukausikisat 2020 &#8211; 2021 Kauden 2020-2021 junnujen kuukausikisat on pelattu. T\u00e4ss\u00e4 lopputulokset: Tomi Pitsinki 36 Aleksi Turpeinen 32 Jere Jakku 29 Veikka Kortelainen 15 Matias Kallinen 10 Valtteri Ranki 8 Miikka Peltoniemi 5 Arttu Manniala 4 Viljami Hautakoski 4 Ossi Luokkala 1 Junnujen Huhtikuun kuukausikilpailut on pelattu. Tomi Pitsinki 33 pistett\u00e4 Aleksi Turpeinen 30&hellip;","_links":{"self":[{"href":"https:\/\/kepts.fi\/index.php?rest_route=\/wp\/v2\/pages\/142","targetHints":{"allow":["GET"]}}],"collection":[{"href":"https:\/\/kepts.fi\/index.php?rest_route=\/wp\/v2\/pages"}],"about":[{"href":"https:\/\/kepts.fi\/index.php?rest_route=\/wp\/v2\/types\/page"}],"author":[{"embeddable":true,"href":"https:\/\/kepts.fi\/index.php?rest_route=\/wp\/v2\/users\/1"}],"replies":[{"embeddable":true,"href":"https:\/\/kepts.fi\/index.php?rest_route=%2Fwp%2Fv2%2Fcomments&post=142"}],"version-history":[{"count":29,"href":"https:\/\/kepts.fi\/index.php?rest_route=\/wp\/v2\/pages\/142\/revisions"}],"predecessor-version":[{"id":678,"href":"https:\/\/kepts.fi\/index.php?rest_route=\/wp\/v2\/pages\/142\/revisions\/678"}],"wp:attachment":[{"href":"https:\/\/kepts.fi\/index.php?rest_route=%2Fwp%2Fv2%2Fmedia&parent=142"}],"curies":[{"name":"wp","href":"https:\/\/api.w.org\/{rel}","templated":true}]}}